{"id":25042,"date":"2023-05-26T17:52:49","date_gmt":"2023-05-26T23:52:49","guid":{"rendered":"https:\/\/www.cecord.mx\/?page_id=25042"},"modified":"2023-05-26T23:18:08","modified_gmt":"2023-05-27T05:18:08","slug":"contact-copy","status":"publish","type":"page","link":"https:\/\/www.cecord.mx\/?page_id=25042","title":{"rendered":"CECORD"},"content":{"rendered":"\n\n\t<h1>\n\t\t\t\t\tCECORD\n\t\t\t\t<\/h1>\n\t\t\t<p>Un instituto educativo, comprometido con educaci\u00f3n continua en salud, especializados en Rehabilitaci\u00f3n F\u00edsica y Deportiva.<\/p>\n\t\t\t\t<img loading=\"lazy\" decoding=\"async\" src=\"https:\/\/www.cecord.mx\/wp-content\/uploads\/2023\/04\/Logo_Fixed_400px.png\" alt=\"cecord_logo\" itemprop=\"image\" height=\"400\" width=\"400\" title=\"cecord_logo\" onerror=\"this.style.display='none'\"  \/>\n\t<h2 id=\"our_history\">COPORATIVO ICAS &#8211; CECORD<\/h2>\n<h3>Historia<\/h3>\n<ul>\n<li>En el a\u00f1o 2007 surge CECORD como centro de educaci\u00f3n continua, que hasta la fecha se mantiene en el gusto del publico; con el paso de los a\u00f1os se posiciono como una empresa educativa de calidad.<\/li>\n<li>En diciembre de 2018 surge Instituto de Ciencias Aplicadas a la Salud (ICAS), debido a la necesidad de tener licenciados en Enfermer\u00eda y Fisioterapia, que eran truncos en dichas profesiones.<\/li>\n<li>En enero de 2023 ambas empresas se fusionan y dan origen al CORPORATIVO ICAS-CECORD, que tiene como finalidad brindar la nivelaci\u00f3n en tres licenciaturas, enfermer\u00eda, fisioterapia y derecho.<\/li>\n<li>En febrero de 2023 se obtiene el registro como entidad de certificaci\u00f3n y evaluaci\u00f3n por la SEP.<\/li>\n<li>En el a\u00f1o 2019 se Firm\u00f3 un Convenio con Gobierno del Estado de Hidalgo, con la Universidad del Sureste, Universidad Dinamo de las Am\u00e9ricas, Universidad Mexicana, Cruz Roja Mexicana y diferentes cl\u00ednicas privadas. Nuestro objetivo en mente: construir un espacio para que todos los estudiantes aprendan y desarrollen su creatividad. Los m\u00e9todos de aprendizaje que seguimos y la pasi\u00f3n que imprimimos todos los d\u00edas a nuestro trabajo hacen que cada alumno desarrolle sus habilidades al m\u00e1ximo.<\/li>\n<li>Nuestras instalaciones tienen una capacidad para 180 alumnos por turno; contamos con 6 aulas, 1 laboratorio, 1 biblioteca, 1 aula de usos m\u00faltiples, 3 oficinas, sanitarios, estacionamiento y cafeter\u00eda; se tiene el proyecto de una cl\u00ednica escuela que arrancar\u00e1 funciones en este a\u00f1o 2024; la finalidad de esta cl\u00ednica es que los alumnos a partir del 2do cuatrimestre tengan pr\u00e1ctica cl\u00ednica y se ofrezca a la comunidad diferentes servicios de salud a un costo bajo y servicios de calidad.<\/li>\n<\/ul>\n\t<h2 id=\"quality_politics\">POL\u00cdTICA DE CALIDAD<\/h2>\n<p>Somos una instituci\u00f3n comprometida en ofrecer procesos educativos de calidad, dentro de los marcos normativos vigentes en el pa\u00eds; nuestros docentes cuentan con T\u00edtulo y C\u00e9dula profesional emitida por la DGP, altamente capacitados con mas de 5 a\u00f1os en la docencia. Implementamos m\u00e9todos y t\u00e9cnicas que nos permiten una mejora continua en los procesos de formaci\u00f3n educativa, actual e innovadora de las necesidades actuales en el \u00e1rea de salud.<\/p>\n\t\t\t\t<img loading=\"lazy\" decoding=\"async\" src=\"https:\/\/www.cecord.mx\/wp-content\/uploads\/2023\/04\/47730f395611472f8506a245ad116d53.jpeg\" alt=\"back_ground_cecord\" itemprop=\"image\" height=\"1080\" width=\"1920\" title=\"back_ground_cecord\" onerror=\"this.style.display='none'\"  \/>\n\t\t\t\t<img loading=\"lazy\" decoding=\"async\" src=\"https:\/\/www.cecord.mx\/wp-content\/uploads\/2023\/05\/fisioterapia_1024x1024.webp\" alt=\"fisioterapia_1024x1024\" itemprop=\"image\" height=\"543\" width=\"1024\" title=\"fisioterapia_1024x1024\" onerror=\"this.style.display='none'\"  \/>\n\t<h2 id=\"mision\">MISI\u00d3N<\/h2>\n<p>Estamos comprometidos con la formaci\u00f3n integral de recursos humanos y t\u00e9cnicas docentes en educaci\u00f3n continua basada en evidencia cient\u00edfica, alcanzando la excelencia acad\u00e9mica que cubran la necesidades de nuestro pa\u00eds. Siendo la primera opci\u00f3n de los profesionales de la salud que deseen integrar las t\u00e9cnicas actuales de la mano de los mejores expertos, a un precio justo.<\/p>\n\t<h2 id=\"vision\">VISI\u00d3N<\/h2>\n<p>Convertirnos en la mejor oferta educativa en capacitaci\u00f3n continua que brinde a nuestros profesionales herramientas cl\u00ednicas y diagn\u00f3sticas que nos ayuden a promover un estado de salud \u00f3ptimo para nuestros pacientes con un constante deseo de superaci\u00f3n y mejoramiento en distintas \u00e1reas de conocimiento. Estamos comprometidos a brindar ense\u00f1anza con los mas reconocidos docentes a nivel nacional e internacional, cumpliendo con los requisitos que marca la normatividad vigente.<\/p>\n\t\t\t\t<img loading=\"lazy\" decoding=\"async\" src=\"https:\/\/www.cecord.mx\/wp-content\/uploads\/2023\/05\/enfermeria-e1505404965118-1-800x417-1.jpeg\" alt=\"enfermeria-e1505404965118-1-800x417\" itemprop=\"image\" height=\"417\" width=\"800\" title=\"enfermeria-e1505404965118-1-800x417\" onerror=\"this.style.display='none'\"  \/>\n\t\t\t\t<img loading=\"lazy\" decoding=\"async\" src=\"https:\/\/www.cecord.mx\/wp-content\/uploads\/2023\/05\/carreras_lasallelaguna_derecho-1170x750-1.jpeg\" alt=\"carreras_lasallelaguna_derecho-1170x750\" itemprop=\"image\" height=\"750\" width=\"1170\" title=\"carreras_lasallelaguna_derecho-1170x750\" onerror=\"this.style.display='none'\"  \/>\n\t<h2 id=\"corporative_education\">EDUCACI\u00d3N CORPORATIVA<\/h2>\n<ul>\n<li>Actualmente trabajamos bajo el concepto de educaci\u00f3n corporativa, que consiste en agrupar diferentes escuelas que en conjunto logremos certificar a los alumnos en periodo de tiempo mas corto y para entrega de T\u00edtulo profesional y c\u00e9dula profesional.<\/li>\n<li>Los diplomados, certificaciones, cursos, talleres y webinar se caracterizan por que tienen el respaldo de una instituci\u00f3n certificadora con aval de la SEP que en este caso es CECORD e ICAS que es la instancia encargada de impartir las licenciaturas ligadas a la oferta educativa de capacitaci\u00f3n continua<\/li>\n<\/ul>\n\n","protected":false},"excerpt":{"rendered":"<p>CECORD Un instituto educativo, comprometido con educaci\u00f3n continua en salud, especializados en Rehabilitaci\u00f3n F\u00edsica y Deportiva. COPORATIVO ICAS &#8211; CECORD Historia En el a\u00f1o 2007 surge CECORD como centro de [&hellip;]<\/p>\n","protected":false},"author":1,"featured_media":0,"parent":0,"menu_order":0,"comment_status":"closed","ping_status":"closed","template":"","meta":{"site-sidebar-layout":"no-sidebar","site-content-layout":"page-builder","ast-site-content-layout":"default","site-content-style":"default","site-sidebar-style":"default","ast-global-header-display":"","ast-banner-title-visibility":"","ast-main-header-display":"","ast-hfb-above-header-display":"","ast-hfb-below-header-display":"","ast-hfb-mobile-header-display":"","site-post-title":"disabled","ast-breadcrumbs-content":"","ast-featured-img":"disabled","footer-sml-layout":"","ast-disable-related-posts":"","theme-transparent-header-meta":"enabled","adv-header-id-meta":"","stick-header-meta":"","header-above-stick-meta":"","header-main-stick-meta":"","header-below-stick-meta":"","astra-migrate-meta-layouts":"default","ast-page-background-enabled":"default","ast-page-background-meta":{"desktop":{"background-color":"","background-image":"","background-repeat":"repeat","background-position":"center center","background-size":"auto","background-attachment":"scroll","background-type":"","background-media":"","overlay-type":"","overlay-color":"","overlay-opacity":"","overlay-gradient":""},"tablet":{"background-color":"","background-image":"","background-repeat":"repeat","background-position":"center center","background-size":"auto","background-attachment":"scroll","background-type":"","background-media":"","overlay-type":"","overlay-color":"","overlay-opacity":"","overlay-gradient":""},"mobile":{"background-color":"","background-image":"","background-repeat":"repeat","background-position":"center center","background-size":"auto","background-attachment":"scroll","background-type":"","background-media":"","overlay-type":"","overlay-color":"","overlay-opacity":"","overlay-gradient":""}},"ast-content-background-meta":{"desktop":{"background-color":"var(--ast-global-color-5)","background-image":"","background-repeat":"repeat","background-position":"center center","background-size":"auto","background-attachment":"scroll","background-type":"","background-media":"","overlay-type":"","overlay-color":"","overlay-opacity":"","overlay-gradient":""},"tablet":{"background-color":"var(--ast-global-color-5)","background-image":"","background-repeat":"repeat","background-position":"center center","background-size":"auto","background-attachment":"scroll","background-type":"","background-media":"","overlay-type":"","overlay-color":"","overlay-opacity":"","overlay-gradient":""},"mobile":{"background-color":"var(--ast-global-color-5)","background-image":"","background-repeat":"repeat","background-position":"center center","background-size":"auto","background-attachment":"scroll","background-type":"","background-media":"","overlay-type":"","overlay-color":"","overlay-opacity":"","overlay-gradient":""}},"footnotes":""},"class_list":["post-25042","page","type-page","status-publish","hentry"],"_links":{"self":[{"href":"https:\/\/www.cecord.mx\/index.php?rest_route=\/wp\/v2\/pages\/25042","targetHints":{"allow":["GET"]}}],"collection":[{"href":"https:\/\/www.cecord.mx\/index.php?rest_route=\/wp\/v2\/pages"}],"about":[{"href":"https:\/\/www.cecord.mx\/index.php?rest_route=\/wp\/v2\/types\/page"}],"author":[{"embeddable":true,"href":"https:\/\/www.cecord.mx\/index.php?rest_route=\/wp\/v2\/users\/1"}],"replies":[{"embeddable":true,"href":"https:\/\/www.cecord.mx\/index.php?rest_route=%2Fwp%2Fv2%2Fcomments&post=25042"}],"version-history":[{"count":14,"href":"https:\/\/www.cecord.mx\/index.php?rest_route=\/wp\/v2\/pages\/25042\/revisions"}],"predecessor-version":[{"id":25072,"href":"https:\/\/www.cecord.mx\/index.php?rest_route=\/wp\/v2\/pages\/25042\/revisions\/25072"}],"wp:attachment":[{"href":"https:\/\/www.cecord.mx\/index.php?rest_route=%2Fwp%2Fv2%2Fmedia&parent=25042"}],"curies":[{"name":"wp","href":"https:\/\/api.w.org\/{rel}","templated":true}]}}