{"id":401,"date":"2019-03-19T13:42:23","date_gmt":"2019-03-19T13:42:23","guid":{"rendered":"https:\/\/www.cecord.mx\/?page_id=401"},"modified":"2023-05-26T06:24:43","modified_gmt":"2023-05-26T06:24:43","slug":"contact","status":"publish","type":"page","link":"https:\/\/www.cecord.mx\/?page_id=401","title":{"rendered":"Contacto"},"content":{"rendered":"\n\n\t<h1>\n\t\t\t\t\tContacto\n\t\t\t\t<\/h1>\n\t\t\t<p><strong>&#8220;\u00bfBuscas ampliar tus horizontes educativos? \u00a1Cont\u00e1ctanos y descubre nuestro cat\u00e1logo de cursos innovadores dise\u00f1ados para potenciar tu conocimiento y abrir nuevas oportunidades en tu camino hacia el \u00e9xito acad\u00e9mico y profesional!&#8221;<\/strong><\/p>\n\t<h3>\n\t\t\t\t\tLlamanos e envianos un Whatsapp\n\t\t\t\t<\/h3>\n\t\t\t<p>+52 554-490-6867<\/p>\n\t<h3>\n\t\t\t\t\tEscribenos\n\t\t\t\t<\/h3>\n\t\t\t<p>contacto@cecord.mx<\/p>\n\t<h3>\n\t\t\t\t\tEncuentranos en\n\t\t\t\t<\/h3>\n\t\t\t<ul>\n<li>Plantel ICAS &#8211; CECORD Pachuca de Soto, Hidalgo, M\u00e9xico: Fray Alonso de La Veracruz 104, Boulevares de San Francisco, 42070 Pachuca de Soto, Hgo.\u00a0<\/li>\n<li>MAPS: <a draggable=\"false\" href=\"https:\/\/goo.gl\/maps\/biZnq5FaqJ55BmGy6\" target=\"_blank\" rel=\"noopener\">https:\/\/goo.gl\/maps\/biZnq5FaqJ55BmGy6<\/a><\/li>\n<\/ul>\n\t<h3>\n\t\t\t\t\tEncuentranos en\n\t\t\t\t<\/h3>\n\t\t\t<ul>\n<li>Plantel ICAS &#8211; CECORD Ecatepec de Morelos, Edo. de M\u00e9xico, M\u00e9xico: Plaza San Antonio, carretera Mexico &#8211; Pachuca S\/N Santa Maria Chinautla Ecatepec de Morelos, Estado de Mexico, C.P. 55066, frente a la estaci\u00f3n Insurgentes del Mexibus linea 1<\/li>\n<li>MAPS: <a draggable=\"false\" href=\"https:\/\/goo.gl\/maps\/Enoj8GB1fQauVGCZ9\" target=\"_blank\" rel=\"noopener\">https:\/\/goo.gl\/maps\/Enoj8GB1fQauVGCZ9<\/a><\/li>\n<\/ul>\n\t<h2>\n\t\t\t\t\tEnvianos un mensaje\n\t\t\t\t<\/h2>\n\t\n<div class=\"wpcf7 no-js\" id=\"wpcf7-f25036-o1\" lang=\"es-MX\" dir=\"ltr\" data-wpcf7-id=\"25036\">\n<div class=\"screen-reader-response\"><p role=\"status\" aria-live=\"polite\" aria-atomic=\"true\"><\/p> <ul><\/ul><\/div>\n<form action=\"\/index.php?rest_route=%2Fwp%2Fv2%2Fpages%2F401#wpcf7-f25036-o1\" method=\"post\" class=\"wpcf7-form init\" aria-label=\"Formulario de contacto\" novalidate=\"novalidate\" data-status=\"init\">\n<fieldset class=\"hidden-fields-container\"><input type=\"hidden\" name=\"_wpcf7\" value=\"25036\" \/><input type=\"hidden\" name=\"_wpcf7_version\" value=\"6.1.5\" \/><input type=\"hidden\" name=\"_wpcf7_locale\" value=\"es_MX\" \/><input type=\"hidden\" name=\"_wpcf7_unit_tag\" value=\"wpcf7-f25036-o1\" \/><input type=\"hidden\" name=\"_wpcf7_container_post\" value=\"0\" \/><input type=\"hidden\" name=\"_wpcf7_posted_data_hash\" value=\"\" \/><input type=\"hidden\" name=\"_wpcf7_recaptcha_response\" value=\"\" \/>\n<\/fieldset>\n<p><label> Nombre Completo<br \/>\n<span class=\"wpcf7-form-control-wrap\" data-name=\"your-name\"><input size=\"40\" maxlength=\"400\" class=\"wpcf7-form-control wpcf7-text wpcf7-validates-as-required\" autocomplete=\"name\" aria-required=\"true\" aria-invalid=\"false\" value=\"\" type=\"text\" name=\"your-name\" \/><\/span> <\/label>\n<\/p>\n<p><label> Correo electr\u00f3nico<br \/>\n<span class=\"wpcf7-form-control-wrap\" data-name=\"your-email\"><input size=\"40\" maxlength=\"400\" class=\"wpcf7-form-control wpcf7-email wpcf7-validates-as-required wpcf7-text wpcf7-validates-as-email\" autocomplete=\"email\" aria-required=\"true\" aria-invalid=\"false\" value=\"\" type=\"email\" name=\"your-email\" \/><\/span> <\/label>\n<\/p>\n<p><label> Telefono<br \/>\n<span class=\"wpcf7-form-control-wrap\" data-name=\"telefono\"><input size=\"40\" maxlength=\"400\" class=\"wpcf7-form-control wpcf7-tel wpcf7-validates-as-required wpcf7-text wpcf7-validates-as-tel\" aria-required=\"true\" aria-invalid=\"false\" placeholder=\"Compartenos tu n\u00famero\" value=\"\" type=\"tel\" name=\"telefono\" \/><\/span> <\/label>\n<\/p>\n<p><label> Asunto<br \/>\n<span class=\"wpcf7-form-control-wrap\" data-name=\"your-subject\"><input size=\"40\" maxlength=\"400\" class=\"wpcf7-form-control wpcf7-text wpcf7-validates-as-required\" aria-required=\"true\" aria-invalid=\"false\" value=\"\" type=\"text\" name=\"your-subject\" \/><\/span> <\/label>\n<\/p>\n<p><label> Tu mensaje (opcional)<br \/>\n<span class=\"wpcf7-form-control-wrap\" data-name=\"your-message\"><textarea cols=\"40\" rows=\"10\" maxlength=\"2000\" class=\"wpcf7-form-control wpcf7-textarea\" aria-invalid=\"false\" name=\"your-message\"><\/textarea><\/span> <\/label>\n<\/p>\n<p><input class=\"wpcf7-form-control wpcf7-submit has-spinner\" type=\"submit\" value=\"Enviar mensaje\" \/>\n<\/p><div class=\"wpcf7-response-output\" aria-hidden=\"true\"><\/div>\n<\/form>\n<\/div>\n\n\n","protected":false},"excerpt":{"rendered":"<p>Contacto &#8220;\u00bfBuscas ampliar tus horizontes educativos? \u00a1Cont\u00e1ctanos y descubre nuestro cat\u00e1logo de cursos innovadores dise\u00f1ados para potenciar tu conocimiento y abrir nuevas oportunidades en tu camino hacia el \u00e9xito acad\u00e9mico [&hellip;]<\/p>\n","protected":false},"author":1,"featured_media":0,"parent":0,"menu_order":0,"comment_status":"closed","ping_status":"closed","template":"","meta":{"site-sidebar-layout":"no-sidebar","site-content-layout":"page-builder","ast-site-content-layout":"default","site-content-style":"default","site-sidebar-style":"default","ast-global-header-display":"","ast-banner-title-visibility":"","ast-main-header-display":"","ast-hfb-above-header-display":"","ast-hfb-below-header-display":"","ast-hfb-mobile-header-display":"","site-post-title":"disabled","ast-breadcrumbs-content":"","ast-featured-img":"disabled","footer-sml-layout":"","ast-disable-related-posts":"","theme-transparent-header-meta":"enabled","adv-header-id-meta":"","stick-header-meta":"","header-above-stick-meta":"","header-main-stick-meta":"","header-below-stick-meta":"","astra-migrate-meta-layouts":"default","ast-page-background-enabled":"default","ast-page-background-meta":{"desktop":{"background-color":"","background-image":"","background-repeat":"repeat","background-position":"center center","background-size":"auto","background-attachment":"scroll","background-type":"","background-media":"","overlay-type":"","overlay-color":"","overlay-opacity":"","overlay-gradient":""},"tablet":{"background-color":"","background-image":"","background-repeat":"repeat","background-position":"center center","background-size":"auto","background-attachment":"scroll","background-type":"","background-media":"","overlay-type":"","overlay-color":"","overlay-opacity":"","overlay-gradient":""},"mobile":{"background-color":"","background-image":"","background-repeat":"repeat","background-position":"center center","background-size":"auto","background-attachment":"scroll","background-type":"","background-media":"","overlay-type":"","overlay-color":"","overlay-opacity":"","overlay-gradient":""}},"ast-content-background-meta":{"desktop":{"background-color":"var(--ast-global-color-5)","background-image":"","background-repeat":"repeat","background-position":"center center","background-size":"auto","background-attachment":"scroll","background-type":"","background-media":"","overlay-type":"","overlay-color":"","overlay-opacity":"","overlay-gradient":""},"tablet":{"background-color":"var(--ast-global-color-5)","background-image":"","background-repeat":"repeat","background-position":"center center","background-size":"auto","background-attachment":"scroll","background-type":"","background-media":"","overlay-type":"","overlay-color":"","overlay-opacity":"","overlay-gradient":""},"mobile":{"background-color":"var(--ast-global-color-5)","background-image":"","background-repeat":"repeat","background-position":"center center","background-size":"auto","background-attachment":"scroll","background-type":"","background-media":"","overlay-type":"","overlay-color":"","overlay-opacity":"","overlay-gradient":""}},"footnotes":""},"class_list":["post-401","page","type-page","status-publish","hentry"],"_links":{"self":[{"href":"https:\/\/www.cecord.mx\/index.php?rest_route=\/wp\/v2\/pages\/401","targetHints":{"allow":["GET"]}}],"collection":[{"href":"https:\/\/www.cecord.mx\/index.php?rest_route=\/wp\/v2\/pages"}],"about":[{"href":"https:\/\/www.cecord.mx\/index.php?rest_route=\/wp\/v2\/types\/page"}],"author":[{"embeddable":true,"href":"https:\/\/www.cecord.mx\/index.php?rest_route=\/wp\/v2\/users\/1"}],"replies":[{"embeddable":true,"href":"https:\/\/www.cecord.mx\/index.php?rest_route=%2Fwp%2Fv2%2Fcomments&post=401"}],"version-history":[{"count":10,"href":"https:\/\/www.cecord.mx\/index.php?rest_route=\/wp\/v2\/pages\/401\/revisions"}],"predecessor-version":[{"id":25040,"href":"https:\/\/www.cecord.mx\/index.php?rest_route=\/wp\/v2\/pages\/401\/revisions\/25040"}],"wp:attachment":[{"href":"https:\/\/www.cecord.mx\/index.php?rest_route=%2Fwp%2Fv2%2Fmedia&parent=401"}],"curies":[{"name":"wp","href":"https:\/\/api.w.org\/{rel}","templated":true}]}}